
{"id":2781,"date":"2020-03-19T12:38:36","date_gmt":"2020-03-19T11:38:36","guid":{"rendered":"https:\/\/www.maisondelaliberte.com\/?page_id=2781"},"modified":"2023-01-09T17:32:11","modified_gmt":"2023-01-09T16:32:11","slug":"visit-poitiers","status":"publish","type":"page","link":"https:\/\/www.maisondelaliberte.com\/en\/visit-poitiers\/","title":{"rendered":"Visit Poitiers"},"content":{"rendered":"<div data-elementor-type=\"wp-page\" data-elementor-id=\"2781\" class=\"elementor elementor-2781\">\n\t\t\t\t\t\t<section class=\"elementor-section elementor-top-section elementor-element elementor-element-27f266ea elementor-section-full_width elementor-section-height-default elementor-section-height-default\" data-id=\"27f266ea\" data-element_type=\"section\">\n\t\t\t\t\t\t<div class=\"elementor-container elementor-column-gap-default\">\n\t\t\t\t\t<div class=\"elementor-column elementor-col-100 elementor-top-column elementor-element elementor-element-4817f320\" data-id=\"4817f320\" data-element_type=\"column\">\n\t\t\t<div class=\"elementor-widget-wrap elementor-element-populated\">\n\t\t\t\t\t\t<section class=\"elementor-section elementor-inner-section elementor-element elementor-element-6666121e elementor-section-full_width elementor-section-height-default elementor-section-height-default\" data-id=\"6666121e\" data-element_type=\"section\" data-settings=\"{&quot;background_background&quot;:&quot;classic&quot;}\">\n\t\t\t\t\t\t\t<div class=\"elementor-background-overlay\"><\/div>\n\t\t\t\t\t\t\t<div class=\"elementor-container elementor-column-gap-default\">\n\t\t\t\t\t<div class=\"elementor-column elementor-col-100 elementor-inner-column elementor-element elementor-element-3184f976\" data-id=\"3184f976\" data-element_type=\"column\">\n\t\t\t<div class=\"elementor-widget-wrap elementor-element-populated\">\n\t\t\t\t\t\t<div class=\"elementor-element elementor-element-20ecc73b elementor-widget elementor-widget-spacer\" data-id=\"20ecc73b\" data-element_type=\"widget\" data-widget_type=\"spacer.default\">\n\t\t\t\t<div class=\"elementor-widget-container\">\n\t\t\t\t\t\t\t<div class=\"elementor-spacer\">\n\t\t\t<div class=\"elementor-spacer-inner\"><\/div>\n\t\t<\/div>\n\t\t\t\t\t\t<\/div>\n\t\t\t\t<\/div>\n\t\t\t\t<div class=\"elementor-element elementor-element-4e5df202 elementor-widget elementor-widget-heading\" data-id=\"4e5df202\" data-element_type=\"widget\" data-widget_type=\"heading.default\">\n\t\t\t\t<div class=\"elementor-widget-container\">\n\t\t\t\t\t<h2 class=\"elementor-heading-title elementor-size-default\">Visit Poitiers<\/h2>\t\t\t\t<\/div>\n\t\t\t\t<\/div>\n\t\t\t\t<div class=\"elementor-element elementor-element-202ed409 elementor-widget elementor-widget-spacer\" data-id=\"202ed409\" data-element_type=\"widget\" data-widget_type=\"spacer.default\">\n\t\t\t\t<div class=\"elementor-widget-container\">\n\t\t\t\t\t\t\t<div class=\"elementor-spacer\">\n\t\t\t<div class=\"elementor-spacer-inner\"><\/div>\n\t\t<\/div>\n\t\t\t\t\t\t<\/div>\n\t\t\t\t<\/div>\n\t\t\t\t\t<\/div>\n\t\t<\/div>\n\t\t\t\t\t<\/div>\n\t\t<\/section>\n\t\t\t\t\t<\/div>\n\t\t<\/div>\n\t\t\t\t\t<\/div>\n\t\t<\/section>\n\t\t\t\t<section class=\"elementor-section elementor-top-section elementor-element elementor-element-4667fb47 elementor-section-boxed elementor-section-height-default elementor-section-height-default\" data-id=\"4667fb47\" data-element_type=\"section\">\n\t\t\t\t\t\t<div class=\"elementor-container elementor-column-gap-default\">\n\t\t\t\t\t<div class=\"elementor-column elementor-col-25 elementor-top-column elementor-element elementor-element-4c83398\" data-id=\"4c83398\" data-element_type=\"column\">\n\t\t\t<div class=\"elementor-widget-wrap\">\n\t\t\t\t\t\t\t<\/div>\n\t\t<\/div>\n\t\t\t\t<div class=\"elementor-column elementor-col-25 elementor-top-column elementor-element elementor-element-4eb76dd4\" data-id=\"4eb76dd4\" data-element_type=\"column\">\n\t\t\t<div class=\"elementor-widget-wrap elementor-element-populated\">\n\t\t\t\t\t\t<div class=\"elementor-element elementor-element-9f3038d elementor-widget elementor-widget-text-editor\" data-id=\"9f3038d\" data-element_type=\"widget\" data-widget_type=\"text-editor.default\">\n\t\t\t\t<div class=\"elementor-widget-container\">\n\t\t\t\t\t\t\t\t\t<p>Heritage<\/p>\t\t\t\t\t\t\t\t<\/div>\n\t\t\t\t<\/div>\n\t\t\t\t<div class=\"elementor-element elementor-element-785be11c elementor-widget elementor-widget-heading\" data-id=\"785be11c\" data-element_type=\"widget\" data-widget_type=\"heading.default\">\n\t\t\t\t<div class=\"elementor-widget-container\">\n\t\t\t\t\t<h2 class=\"elementor-heading-title elementor-size-default\">The city center<\/h2>\t\t\t\t<\/div>\n\t\t\t\t<\/div>\n\t\t\t\t<div class=\"elementor-element elementor-element-3b597fc2 elementor-widget elementor-widget-image\" data-id=\"3b597fc2\" data-element_type=\"widget\" data-widget_type=\"image.default\">\n\t\t\t\t<div class=\"elementor-widget-container\">\n\t\t\t\t\t\t\t\t\t\t\t\t\t\t\t<img fetchpriority=\"high\" decoding=\"async\" width=\"800\" height=\"800\" src=\"https:\/\/www.maisondelaliberte.com\/wp-content\/uploads\/2019\/12\/1LAMAISONLIBERTE-LISERE-CENTRE-VILLE.svg\" class=\"attachment-large size-large wp-image-841\" alt=\"\" srcset=\"https:\/\/www.maisondelaliberte.com\/wp-content\/uploads\/\/2019\/12\/1LAMAISONLIBERTE-LISERE-CENTRE-VILLE.svg 150w, https:\/\/www.maisondelaliberte.com\/wp-content\/uploads\/\/2019\/12\/1LAMAISONLIBERTE-LISERE-CENTRE-VILLE.svg 300w, https:\/\/www.maisondelaliberte.com\/wp-content\/uploads\/\/2019\/12\/1LAMAISONLIBERTE-LISERE-CENTRE-VILLE.svg 1024w, https:\/\/www.maisondelaliberte.com\/wp-content\/uploads\/\/2019\/12\/1LAMAISONLIBERTE-LISERE-CENTRE-VILLE.svg 1536w, https:\/\/www.maisondelaliberte.com\/wp-content\/uploads\/\/2019\/12\/1LAMAISONLIBERTE-LISERE-CENTRE-VILLE.svg 2048w\" sizes=\"(max-width: 800px) 100vw, 800px\" \/>\t\t\t\t\t\t\t\t\t\t\t\t\t\t\t<\/div>\n\t\t\t\t<\/div>\n\t\t\t\t<div class=\"elementor-element elementor-element-672aa91e elementor-widget elementor-widget-text-editor\" data-id=\"672aa91e\" data-element_type=\"widget\" data-widget_type=\"text-editor.default\">\n\t\t\t\t<div class=\"elementor-widget-container\">\n\t\t\t\t\t\t\t\t\t<p class=\"p1\"><span class=\"s1\">Veritable Town of Art and History, Poitiers is a small provincial town where life is good.<\/span><\/p><p class=\"p1\"><span class=\"s1\">Everything is within walking distance, it is mainly known for its historical past, they say that Poitiers is the town of a hundred bells. <\/span><\/p>\t\t\t\t\t\t\t\t<\/div>\n\t\t\t\t<\/div>\n\t\t\t\t<div class=\"elementor-element elementor-element-5bc19dd elementor-align-center elementor-widget elementor-widget-button\" data-id=\"5bc19dd\" data-element_type=\"widget\" data-widget_type=\"button.default\">\n\t\t\t\t<div class=\"elementor-widget-container\">\n\t\t\t\t\t\t\t\t\t<div class=\"elementor-button-wrapper\">\n\t\t\t\t\t<a class=\"elementor-button elementor-button-link elementor-size-sm\" href=\"https:\/\/www.maisondelaliberte.com\/en\/the-city-center\/\">\n\t\t\t\t\t\t<span class=\"elementor-button-content-wrapper\">\n\t\t\t\t\t\t\t\t\t<span class=\"elementor-button-text\">discover<\/span>\n\t\t\t\t\t<\/span>\n\t\t\t\t\t<\/a>\n\t\t\t\t<\/div>\n\t\t\t\t\t\t\t\t<\/div>\n\t\t\t\t<\/div>\n\t\t\t\t\t<\/div>\n\t\t<\/div>\n\t\t\t\t<div class=\"elementor-column elementor-col-25 elementor-top-column elementor-element elementor-element-124ea11\" data-id=\"124ea11\" data-element_type=\"column\">\n\t\t\t<div class=\"elementor-widget-wrap\">\n\t\t\t\t\t\t\t<\/div>\n\t\t<\/div>\n\t\t\t\t<div class=\"elementor-column elementor-col-25 elementor-top-column elementor-element elementor-element-1b94ce3d\" data-id=\"1b94ce3d\" data-element_type=\"column\">\n\t\t\t<div class=\"elementor-widget-wrap elementor-element-populated\">\n\t\t\t\t\t\t<div class=\"elementor-element elementor-element-27618a93 elementor-widget elementor-widget-image\" data-id=\"27618a93\" data-element_type=\"widget\" data-widget_type=\"image.default\">\n\t\t\t\t<div class=\"elementor-widget-container\">\n\t\t\t\t\t\t\t\t\t\t\t\t\t\t\t<img decoding=\"async\" width=\"800\" height=\"534\" src=\"https:\/\/www.maisondelaliberte.com\/wp-content\/uploads\/2019\/12\/Mairie-Poitiers-Maison-de-la-Liberte\u0301.jpg\" class=\"attachment-large size-large wp-image-836\" alt=\"\" srcset=\"https:\/\/www.maisondelaliberte.com\/wp-content\/uploads\/2019\/12\/Mairie-Poitiers-Maison-de-la-Liberte\u0301.jpg 1024w, https:\/\/www.maisondelaliberte.com\/wp-content\/uploads\/2019\/12\/Mairie-Poitiers-Maison-de-la-Liberte\u0301-300x200.jpg 300w, https:\/\/www.maisondelaliberte.com\/wp-content\/uploads\/2019\/12\/Mairie-Poitiers-Maison-de-la-Liberte\u0301-768x512.jpg 768w, https:\/\/www.maisondelaliberte.com\/wp-content\/uploads\/2019\/12\/Mairie-Poitiers-Maison-de-la-Liberte\u0301-952x635.jpg 952w\" sizes=\"(max-width: 800px) 100vw, 800px\" \/>\t\t\t\t\t\t\t\t\t\t\t\t\t\t\t<\/div>\n\t\t\t\t<\/div>\n\t\t\t\t\t<\/div>\n\t\t<\/div>\n\t\t\t\t\t<\/div>\n\t\t<\/section>\n\t\t\t\t<section class=\"elementor-section elementor-top-section elementor-element elementor-element-7a7a4890 elementor-reverse-tablet elementor-reverse-mobile elementor-section-boxed elementor-section-height-default elementor-section-height-default\" data-id=\"7a7a4890\" data-element_type=\"section\">\n\t\t\t\t\t\t<div class=\"elementor-container elementor-column-gap-default\">\n\t\t\t\t\t<div class=\"elementor-column elementor-col-25 elementor-top-column elementor-element elementor-element-433265ca\" data-id=\"433265ca\" data-element_type=\"column\">\n\t\t\t<div class=\"elementor-widget-wrap elementor-element-populated\">\n\t\t\t\t\t\t<div class=\"elementor-element elementor-element-6827cf40 elementor-widget elementor-widget-image\" data-id=\"6827cf40\" data-element_type=\"widget\" data-widget_type=\"image.default\">\n\t\t\t\t<div class=\"elementor-widget-container\">\n\t\t\t\t\t\t\t\t\t\t\t\t\t\t\t<img decoding=\"async\" width=\"800\" height=\"505\" src=\"https:\/\/www.maisondelaliberte.com\/wp-content\/uploads\/2019\/12\/3MAISONLIBERTE-FUTUROSCOPE@2x-100-1024x646.jpg\" class=\"attachment-large size-large wp-image-806\" alt=\"\" srcset=\"https:\/\/www.maisondelaliberte.com\/wp-content\/uploads\/2019\/12\/3MAISONLIBERTE-FUTUROSCOPE@2x-100-1024x646.jpg 1024w, https:\/\/www.maisondelaliberte.com\/wp-content\/uploads\/2019\/12\/3MAISONLIBERTE-FUTUROSCOPE@2x-100-300x189.jpg 300w, https:\/\/www.maisondelaliberte.com\/wp-content\/uploads\/2019\/12\/3MAISONLIBERTE-FUTUROSCOPE@2x-100-768x485.jpg 768w, https:\/\/www.maisondelaliberte.com\/wp-content\/uploads\/2019\/12\/3MAISONLIBERTE-FUTUROSCOPE@2x-100.jpg 1098w\" sizes=\"(max-width: 800px) 100vw, 800px\" \/>\t\t\t\t\t\t\t\t\t\t\t\t\t\t\t<\/div>\n\t\t\t\t<\/div>\n\t\t\t\t\t<\/div>\n\t\t<\/div>\n\t\t\t\t<div class=\"elementor-column elementor-col-25 elementor-top-column elementor-element elementor-element-5cff7dff\" data-id=\"5cff7dff\" data-element_type=\"column\">\n\t\t\t<div class=\"elementor-widget-wrap\">\n\t\t\t\t\t\t\t<\/div>\n\t\t<\/div>\n\t\t\t\t<div class=\"elementor-column elementor-col-25 elementor-top-column elementor-element elementor-element-5999b6b5\" data-id=\"5999b6b5\" data-element_type=\"column\">\n\t\t\t<div class=\"elementor-widget-wrap elementor-element-populated\">\n\t\t\t\t\t\t<div class=\"elementor-element elementor-element-420d61ef elementor-widget elementor-widget-text-editor\" data-id=\"420d61ef\" data-element_type=\"widget\" data-widget_type=\"text-editor.default\">\n\t\t\t\t<div class=\"elementor-widget-container\">\n\t\t\t\t\t\t\t\t\t<p>Activities<\/p>\t\t\t\t\t\t\t\t<\/div>\n\t\t\t\t<\/div>\n\t\t\t\t<div class=\"elementor-element elementor-element-756ba47d elementor-widget elementor-widget-heading\" data-id=\"756ba47d\" data-element_type=\"widget\" data-widget_type=\"heading.default\">\n\t\t\t\t<div class=\"elementor-widget-container\">\n\t\t\t\t\t<h2 class=\"elementor-heading-title elementor-size-default\">the FUturoscope<\/h2>\t\t\t\t<\/div>\n\t\t\t\t<\/div>\n\t\t\t\t<div class=\"elementor-element elementor-element-3810e68c elementor-widget elementor-widget-image\" data-id=\"3810e68c\" data-element_type=\"widget\" data-widget_type=\"image.default\">\n\t\t\t\t<div class=\"elementor-widget-container\">\n\t\t\t\t\t\t\t\t\t\t\t\t\t\t\t<img fetchpriority=\"high\" decoding=\"async\" width=\"800\" height=\"800\" src=\"https:\/\/www.maisondelaliberte.com\/wp-content\/uploads\/2019\/12\/1LAMAISONLIBERTE-LISERE-CENTRE-VILLE.svg\" class=\"attachment-large size-large wp-image-841\" alt=\"\" srcset=\"https:\/\/www.maisondelaliberte.com\/wp-content\/uploads\/\/2019\/12\/1LAMAISONLIBERTE-LISERE-CENTRE-VILLE.svg 150w, https:\/\/www.maisondelaliberte.com\/wp-content\/uploads\/\/2019\/12\/1LAMAISONLIBERTE-LISERE-CENTRE-VILLE.svg 300w, https:\/\/www.maisondelaliberte.com\/wp-content\/uploads\/\/2019\/12\/1LAMAISONLIBERTE-LISERE-CENTRE-VILLE.svg 1024w, https:\/\/www.maisondelaliberte.com\/wp-content\/uploads\/\/2019\/12\/1LAMAISONLIBERTE-LISERE-CENTRE-VILLE.svg 1536w, https:\/\/www.maisondelaliberte.com\/wp-content\/uploads\/\/2019\/12\/1LAMAISONLIBERTE-LISERE-CENTRE-VILLE.svg 2048w\" sizes=\"(max-width: 800px) 100vw, 800px\" \/>\t\t\t\t\t\t\t\t\t\t\t\t\t\t\t<\/div>\n\t\t\t\t<\/div>\n\t\t\t\t<div class=\"elementor-element elementor-element-5b02602d elementor-widget elementor-widget-text-editor\" data-id=\"5b02602d\" data-element_type=\"widget\" data-widget_type=\"text-editor.default\">\n\t\t\t\t<div class=\"elementor-widget-container\">\n\t\t\t\t\t\t\t\t\t<p class=\"p1\"><span class=\"s1\">With family, as a couple, with friends, the Futuroscope park is of a technological theme, science based on pictures, animated films and 3D, it\u2019ll seduce all the generations.<\/span><\/p>\t\t\t\t\t\t\t\t<\/div>\n\t\t\t\t<\/div>\n\t\t\t\t<div class=\"elementor-element elementor-element-c62eb28 elementor-align-center elementor-widget elementor-widget-button\" data-id=\"c62eb28\" data-element_type=\"widget\" data-widget_type=\"button.default\">\n\t\t\t\t<div class=\"elementor-widget-container\">\n\t\t\t\t\t\t\t\t\t<div class=\"elementor-button-wrapper\">\n\t\t\t\t\t<a class=\"elementor-button elementor-button-link elementor-size-sm\" href=\"https:\/\/www.maisondelaliberte.com\/en\/the-futuroscope\/\">\n\t\t\t\t\t\t<span class=\"elementor-button-content-wrapper\">\n\t\t\t\t\t\t\t\t\t<span class=\"elementor-button-text\">discover<\/span>\n\t\t\t\t\t<\/span>\n\t\t\t\t\t<\/a>\n\t\t\t\t<\/div>\n\t\t\t\t\t\t\t\t<\/div>\n\t\t\t\t<\/div>\n\t\t\t\t\t<\/div>\n\t\t<\/div>\n\t\t\t\t<div class=\"elementor-column elementor-col-25 elementor-top-column elementor-element elementor-element-4ad46272\" data-id=\"4ad46272\" data-element_type=\"column\">\n\t\t\t<div class=\"elementor-widget-wrap\">\n\t\t\t\t\t\t\t<\/div>\n\t\t<\/div>\n\t\t\t\t\t<\/div>\n\t\t<\/section>\n\t\t\t\t<section class=\"elementor-section elementor-top-section elementor-element elementor-element-7c6850a2 elementor-section-full_width elementor-section-height-default elementor-section-height-default\" data-id=\"7c6850a2\" data-element_type=\"section\" id=\"instafeed-section\">\n\t\t\t\t\t\t<div class=\"elementor-container elementor-column-gap-default\">\n\t\t\t\t\t<div class=\"elementor-column elementor-col-100 elementor-top-column elementor-element elementor-element-250091aa\" data-id=\"250091aa\" data-element_type=\"column\">\n\t\t\t<div class=\"elementor-widget-wrap elementor-element-populated\">\n\t\t\t\t\t\t<div class=\"elementor-element elementor-element-54fa7fe elementor-widget elementor-widget-html\" data-id=\"54fa7fe\" data-element_type=\"widget\" data-widget_type=\"html.default\">\n\t\t\t\t<div class=\"elementor-widget-container\">\n\t\t\t\t\t[flo_instagram padding=\"30\" picture_sizes=\"imagesFull\" link=\"1\" nr_columns=\"5\" mobile_images_row=\"5\" limit=\"5\" new_user_id=\"lamaisondelaliberte\" access_token=\"new\"]\t\t\t\t<\/div>\n\t\t\t\t<\/div>\n\t\t\t\t\t<\/div>\n\t\t<\/div>\n\t\t\t\t\t<\/div>\n\t\t<\/section>\n\t\t\t\t<\/div>","protected":false},"excerpt":{"rendered":"<p>Visit Poitiers Heritage The city center Veritable Town of Art and History, Poitiers is a small provincial town where life is good. Everything is within walking distance, it is mainly known for its historical past, they say that Poitiers is the town of a hundred bells. discover Activities the FUturoscope With family, as a couple, [&hellip;]<\/p>","protected":false},"author":1,"featured_media":0,"parent":0,"menu_order":0,"comment_status":"closed","ping_status":"closed","template":"elementor_header_footer","meta":{"_exactmetrics_skip_tracking":false,"_exactmetrics_sitenote_active":false,"_exactmetrics_sitenote_note":"","_exactmetrics_sitenote_category":0,"footnotes":""},"class_list":["post-2781","page","type-page","status-publish","hentry"],"yoast_head":"<!-- This site is optimized with the Yoast SEO plugin v25.1 - https:\/\/yoast.com\/wordpress\/plugins\/seo\/ -->\n<title>Visit Poitiers - Ville d&#039;Art et d&#039;Histoire o\u00f9 il fait bon vivre<\/title>\n<meta name=\"description\" content=\"Poitiers -Tout est accessible \u00e0 pied, elle notamment connue pour son pass\u00e9 historique, on dit de Poitiers qu\u2019elle est la ville aux cents clochers.\" \/>\n<meta name=\"robots\" content=\"index, follow, max-snippet:-1, max-image-preview:large, max-video-preview:-1\" \/>\n<link rel=\"canonical\" href=\"https:\/\/www.maisondelaliberte.com\/en\/visit-poitiers\/\" \/>\n<meta property=\"og:locale\" content=\"en_GB\" \/>\n<meta property=\"og:type\" content=\"article\" \/>\n<meta property=\"og:title\" content=\"Visit Poitiers - Ville d&#039;Art et d&#039;Histoire o\u00f9 il fait bon vivre\" \/>\n<meta property=\"og:description\" content=\"Poitiers -Tout est accessible \u00e0 pied, elle notamment connue pour son pass\u00e9 historique, on dit de Poitiers qu\u2019elle est la ville aux cents clochers.\" \/>\n<meta property=\"og:url\" content=\"https:\/\/www.maisondelaliberte.com\/en\/visit-poitiers\/\" \/>\n<meta property=\"og:site_name\" content=\"La Maison de la Libert\u00e9 \u00b7 Meubl\u00e9 de tourisme \u00e0 Poitiers\" \/>\n<meta property=\"article:modified_time\" content=\"2023-01-09T16:32:11+00:00\" \/>\n<meta property=\"og:image\" content=\"https:\/\/www.maisondelaliberte.com\/wp-content\/uploads\/2019\/12\/1LAMAISONLIBERTE-LISERE-CENTRE-VILLE.svg\" \/>\n<meta name=\"twitter:card\" content=\"summary_large_image\" \/>\n<meta name=\"twitter:label1\" content=\"Estimated reading time\" \/>\n\t<meta name=\"twitter:data1\" content=\"2 minutes\" \/>\n<script type=\"application\/ld+json\" class=\"yoast-schema-graph\">{\"@context\":\"https:\/\/schema.org\",\"@graph\":[{\"@type\":\"WebPage\",\"@id\":\"https:\/\/www.maisondelaliberte.com\/en\/visit-poitiers\/\",\"url\":\"https:\/\/www.maisondelaliberte.com\/en\/visit-poitiers\/\",\"name\":\"Visit Poitiers - Ville d'Art et d'Histoire o\u00f9 il fait bon vivre\",\"isPartOf\":{\"@id\":\"https:\/\/www.maisondelaliberte.com\/en\/#website\"},\"primaryImageOfPage\":{\"@id\":\"https:\/\/www.maisondelaliberte.com\/en\/visit-poitiers\/#primaryimage\"},\"image\":{\"@id\":\"https:\/\/www.maisondelaliberte.com\/en\/visit-poitiers\/#primaryimage\"},\"thumbnailUrl\":\"https:\/\/www.maisondelaliberte.com\/wp-content\/uploads\/2019\/12\/1LAMAISONLIBERTE-LISERE-CENTRE-VILLE.svg\",\"datePublished\":\"2020-03-19T11:38:36+00:00\",\"dateModified\":\"2023-01-09T16:32:11+00:00\",\"description\":\"Poitiers -Tout est accessible \u00e0 pied, elle notamment connue pour son pass\u00e9 historique, on dit de Poitiers qu\u2019elle est la ville aux cents clochers.\",\"breadcrumb\":{\"@id\":\"https:\/\/www.maisondelaliberte.com\/en\/visit-poitiers\/#breadcrumb\"},\"inLanguage\":\"en-GB\",\"potentialAction\":[{\"@type\":\"ReadAction\",\"target\":[\"https:\/\/www.maisondelaliberte.com\/en\/visit-poitiers\/\"]}]},{\"@type\":\"ImageObject\",\"inLanguage\":\"en-GB\",\"@id\":\"https:\/\/www.maisondelaliberte.com\/en\/visit-poitiers\/#primaryimage\",\"url\":\"https:\/\/www.maisondelaliberte.com\/wp-content\/uploads\/2019\/12\/1LAMAISONLIBERTE-LISERE-CENTRE-VILLE.svg\",\"contentUrl\":\"https:\/\/www.maisondelaliberte.com\/wp-content\/uploads\/2019\/12\/1LAMAISONLIBERTE-LISERE-CENTRE-VILLE.svg\"},{\"@type\":\"BreadcrumbList\",\"@id\":\"https:\/\/www.maisondelaliberte.com\/en\/visit-poitiers\/#breadcrumb\",\"itemListElement\":[{\"@type\":\"ListItem\",\"position\":1,\"name\":\"Home\",\"item\":\"https:\/\/www.maisondelaliberte.com\/en\/\"},{\"@type\":\"ListItem\",\"position\":2,\"name\":\"Visit Poitiers\"}]},{\"@type\":\"WebSite\",\"@id\":\"https:\/\/www.maisondelaliberte.com\/en\/#website\",\"url\":\"https:\/\/www.maisondelaliberte.com\/en\/\",\"name\":\"La Maison de la Libert\u00e9 \u00b7 Meubl\u00e9 de tourisme \u00e0 Poitiers\",\"description\":\"Location d&#039;appartement dans le Poitou Charente\",\"potentialAction\":[{\"@type\":\"SearchAction\",\"target\":{\"@type\":\"EntryPoint\",\"urlTemplate\":\"https:\/\/www.maisondelaliberte.com\/en\/?s={search_term_string}\"},\"query-input\":{\"@type\":\"PropertyValueSpecification\",\"valueRequired\":true,\"valueName\":\"search_term_string\"}}],\"inLanguage\":\"en-GB\"}]}<\/script>\n<!-- \/ Yoast SEO plugin. -->","yoast_head_json":{"title":"Visit Poitiers - Ville d'Art et d'Histoire o\u00f9 il fait bon vivre","description":"Poitiers -Tout est accessible \u00e0 pied, elle notamment connue pour son pass\u00e9 historique, on dit de Poitiers qu\u2019elle est la ville aux cents clochers.","robots":{"index":"index","follow":"follow","max-snippet":"max-snippet:-1","max-image-preview":"max-image-preview:large","max-video-preview":"max-video-preview:-1"},"canonical":"https:\/\/www.maisondelaliberte.com\/en\/visit-poitiers\/","og_locale":"en_GB","og_type":"article","og_title":"Visit Poitiers - Ville d'Art et d'Histoire o\u00f9 il fait bon vivre","og_description":"Poitiers -Tout est accessible \u00e0 pied, elle notamment connue pour son pass\u00e9 historique, on dit de Poitiers qu\u2019elle est la ville aux cents clochers.","og_url":"https:\/\/www.maisondelaliberte.com\/en\/visit-poitiers\/","og_site_name":"La Maison de la Libert\u00e9 \u00b7 Meubl\u00e9 de tourisme \u00e0 Poitiers","article_modified_time":"2023-01-09T16:32:11+00:00","og_image":[{"url":"https:\/\/www.maisondelaliberte.com\/wp-content\/uploads\/2019\/12\/1LAMAISONLIBERTE-LISERE-CENTRE-VILLE.svg","type":"","width":"","height":""}],"twitter_card":"summary_large_image","twitter_misc":{"Estimated reading time":"2 minutes"},"schema":{"@context":"https:\/\/schema.org","@graph":[{"@type":"WebPage","@id":"https:\/\/www.maisondelaliberte.com\/en\/visit-poitiers\/","url":"https:\/\/www.maisondelaliberte.com\/en\/visit-poitiers\/","name":"Visit Poitiers - Ville d'Art et d'Histoire o\u00f9 il fait bon vivre","isPartOf":{"@id":"https:\/\/www.maisondelaliberte.com\/en\/#website"},"primaryImageOfPage":{"@id":"https:\/\/www.maisondelaliberte.com\/en\/visit-poitiers\/#primaryimage"},"image":{"@id":"https:\/\/www.maisondelaliberte.com\/en\/visit-poitiers\/#primaryimage"},"thumbnailUrl":"https:\/\/www.maisondelaliberte.com\/wp-content\/uploads\/2019\/12\/1LAMAISONLIBERTE-LISERE-CENTRE-VILLE.svg","datePublished":"2020-03-19T11:38:36+00:00","dateModified":"2023-01-09T16:32:11+00:00","description":"Poitiers -Tout est accessible \u00e0 pied, elle notamment connue pour son pass\u00e9 historique, on dit de Poitiers qu\u2019elle est la ville aux cents clochers.","breadcrumb":{"@id":"https:\/\/www.maisondelaliberte.com\/en\/visit-poitiers\/#breadcrumb"},"inLanguage":"en-GB","potentialAction":[{"@type":"ReadAction","target":["https:\/\/www.maisondelaliberte.com\/en\/visit-poitiers\/"]}]},{"@type":"ImageObject","inLanguage":"en-GB","@id":"https:\/\/www.maisondelaliberte.com\/en\/visit-poitiers\/#primaryimage","url":"https:\/\/www.maisondelaliberte.com\/wp-content\/uploads\/2019\/12\/1LAMAISONLIBERTE-LISERE-CENTRE-VILLE.svg","contentUrl":"https:\/\/www.maisondelaliberte.com\/wp-content\/uploads\/2019\/12\/1LAMAISONLIBERTE-LISERE-CENTRE-VILLE.svg"},{"@type":"BreadcrumbList","@id":"https:\/\/www.maisondelaliberte.com\/en\/visit-poitiers\/#breadcrumb","itemListElement":[{"@type":"ListItem","position":1,"name":"Home","item":"https:\/\/www.maisondelaliberte.com\/en\/"},{"@type":"ListItem","position":2,"name":"Visit Poitiers"}]},{"@type":"WebSite","@id":"https:\/\/www.maisondelaliberte.com\/en\/#website","url":"https:\/\/www.maisondelaliberte.com\/en\/","name":"La Maison de la Libert\u00e9 \u00b7 Meubl\u00e9 de tourisme \u00e0 Poitiers","description":"Location d&#039;appartement dans le Poitou Charente","potentialAction":[{"@type":"SearchAction","target":{"@type":"EntryPoint","urlTemplate":"https:\/\/www.maisondelaliberte.com\/en\/?s={search_term_string}"},"query-input":{"@type":"PropertyValueSpecification","valueRequired":true,"valueName":"search_term_string"}}],"inLanguage":"en-GB"}]}},"_links":{"self":[{"href":"https:\/\/www.maisondelaliberte.com\/en\/wp-json\/wp\/v2\/pages\/2781","targetHints":{"allow":["GET"]}}],"collection":[{"href":"https:\/\/www.maisondelaliberte.com\/en\/wp-json\/wp\/v2\/pages"}],"about":[{"href":"https:\/\/www.maisondelaliberte.com\/en\/wp-json\/wp\/v2\/types\/page"}],"author":[{"embeddable":true,"href":"https:\/\/www.maisondelaliberte.com\/en\/wp-json\/wp\/v2\/users\/1"}],"replies":[{"embeddable":true,"href":"https:\/\/www.maisondelaliberte.com\/en\/wp-json\/wp\/v2\/comments?post=2781"}],"version-history":[{"count":0,"href":"https:\/\/www.maisondelaliberte.com\/en\/wp-json\/wp\/v2\/pages\/2781\/revisions"}],"wp:attachment":[{"href":"https:\/\/www.maisondelaliberte.com\/en\/wp-json\/wp\/v2\/media?parent=2781"}],"curies":[{"name":"wp","href":"https:\/\/api.w.org\/{rel}","templated":true}]}}