
{"id":2791,"date":"2020-03-19T12:54:00","date_gmt":"2020-03-19T11:54:00","guid":{"rendered":"https:\/\/www.maisondelaliberte.com\/?page_id=2791"},"modified":"2023-01-20T11:32:41","modified_gmt":"2023-01-20T10:32:41","slug":"the-futuroscope","status":"publish","type":"page","link":"https:\/\/www.maisondelaliberte.com\/en\/the-futuroscope\/","title":{"rendered":"The Futuroscope"},"content":{"rendered":"<div data-elementor-type=\"wp-page\" data-elementor-id=\"2791\" class=\"elementor elementor-2791\">\n\t\t\t\t\t\t<section class=\"elementor-section elementor-top-section elementor-element elementor-element-785e9244 elementor-section-full_width elementor-section-stretched elementor-section-height-default elementor-section-height-default\" data-id=\"785e9244\" data-element_type=\"section\" data-settings=\"{&quot;stretch_section&quot;:&quot;section-stretched&quot;}\">\n\t\t\t\t\t\t<div class=\"elementor-container elementor-column-gap-default\">\n\t\t\t\t\t<div class=\"elementor-column elementor-col-100 elementor-top-column elementor-element elementor-element-e52cc8\" data-id=\"e52cc8\" data-element_type=\"column\">\n\t\t\t<div class=\"elementor-widget-wrap elementor-element-populated\">\n\t\t\t\t\t\t<section class=\"elementor-section elementor-inner-section elementor-element elementor-element-5fea30c9 elementor-section-full_width elementor-section-height-default elementor-section-height-default\" data-id=\"5fea30c9\" data-element_type=\"section\" data-settings=\"{&quot;background_background&quot;:&quot;classic&quot;}\">\n\t\t\t\t\t\t\t<div class=\"elementor-background-overlay\"><\/div>\n\t\t\t\t\t\t\t<div class=\"elementor-container elementor-column-gap-default\">\n\t\t\t\t\t<div class=\"elementor-column elementor-col-100 elementor-inner-column elementor-element elementor-element-5fcf4d9c\" data-id=\"5fcf4d9c\" data-element_type=\"column\">\n\t\t\t<div class=\"elementor-widget-wrap elementor-element-populated\">\n\t\t\t\t\t\t<div class=\"elementor-element elementor-element-fb8b34f elementor-widget elementor-widget-spacer\" data-id=\"fb8b34f\" data-element_type=\"widget\" data-widget_type=\"spacer.default\">\n\t\t\t\t<div class=\"elementor-widget-container\">\n\t\t\t\t\t\t\t<div class=\"elementor-spacer\">\n\t\t\t<div class=\"elementor-spacer-inner\"><\/div>\n\t\t<\/div>\n\t\t\t\t\t\t<\/div>\n\t\t\t\t<\/div>\n\t\t\t\t<div class=\"elementor-element elementor-element-7ea338fe elementor-widget elementor-widget-heading\" data-id=\"7ea338fe\" data-element_type=\"widget\" data-widget_type=\"heading.default\">\n\t\t\t\t<div class=\"elementor-widget-container\">\n\t\t\t\t\t<h2 class=\"elementor-heading-title elementor-size-default\">FUTUROSCOPE<\/h2>\t\t\t\t<\/div>\n\t\t\t\t<\/div>\n\t\t\t\t<div class=\"elementor-element elementor-element-e8c82d9 elementor-widget elementor-widget-spacer\" data-id=\"e8c82d9\" data-element_type=\"widget\" data-widget_type=\"spacer.default\">\n\t\t\t\t<div class=\"elementor-widget-container\">\n\t\t\t\t\t\t\t<div class=\"elementor-spacer\">\n\t\t\t<div class=\"elementor-spacer-inner\"><\/div>\n\t\t<\/div>\n\t\t\t\t\t\t<\/div>\n\t\t\t\t<\/div>\n\t\t\t\t\t<\/div>\n\t\t<\/div>\n\t\t\t\t\t<\/div>\n\t\t<\/section>\n\t\t\t\t\t<\/div>\n\t\t<\/div>\n\t\t\t\t\t<\/div>\n\t\t<\/section>\n\t\t\t\t<section class=\"elementor-section elementor-top-section elementor-element elementor-element-87928b2 elementor-section-boxed elementor-section-height-default elementor-section-height-default\" data-id=\"87928b2\" data-element_type=\"section\">\n\t\t\t\t\t\t<div class=\"elementor-container elementor-column-gap-default\">\n\t\t\t\t\t<div class=\"elementor-column elementor-col-100 elementor-top-column elementor-element elementor-element-541c18c\" data-id=\"541c18c\" data-element_type=\"column\">\n\t\t\t<div class=\"elementor-widget-wrap elementor-element-populated\">\n\t\t\t\t\t\t<div class=\"elementor-element elementor-element-bcb5a2d elementor-widget elementor-widget-spacer\" data-id=\"bcb5a2d\" data-element_type=\"widget\" data-widget_type=\"spacer.default\">\n\t\t\t\t<div class=\"elementor-widget-container\">\n\t\t\t\t\t\t\t<div class=\"elementor-spacer\">\n\t\t\t<div class=\"elementor-spacer-inner\"><\/div>\n\t\t<\/div>\n\t\t\t\t\t\t<\/div>\n\t\t\t\t<\/div>\n\t\t\t\t\t<\/div>\n\t\t<\/div>\n\t\t\t\t\t<\/div>\n\t\t<\/section>\n\t\t\t\t<section class=\"elementor-section elementor-top-section elementor-element elementor-element-da61623 elementor-section-full_width elementor-section-height-default elementor-section-height-default\" data-id=\"da61623\" data-element_type=\"section\">\n\t\t\t\t\t\t<div class=\"elementor-container elementor-column-gap-default\">\n\t\t\t\t\t<div class=\"elementor-column elementor-col-50 elementor-top-column elementor-element elementor-element-fb44f65\" data-id=\"fb44f65\" data-element_type=\"column\">\n\t\t\t<div class=\"elementor-widget-wrap elementor-element-populated\">\n\t\t\t\t\t\t<div class=\"elementor-element elementor-element-0b23f17 elementor-widget elementor-widget-image\" data-id=\"0b23f17\" data-element_type=\"widget\" data-widget_type=\"image.default\">\n\t\t\t\t<div class=\"elementor-widget-container\">\n\t\t\t\t\t\t\t\t\t\t\t\t\t\t\t<img fetchpriority=\"high\" decoding=\"async\" width=\"1900\" height=\"1069\" src=\"https:\/\/www.maisondelaliberte.com\/wp-content\/uploads\/2020\/01\/12___Vue_exterieure-siteweb.jpg\" class=\"attachment-full size-full wp-image-2064\" alt=\"\" srcset=\"https:\/\/www.maisondelaliberte.com\/wp-content\/uploads\/2020\/01\/12___Vue_exterieure-siteweb.jpg 1900w, https:\/\/www.maisondelaliberte.com\/wp-content\/uploads\/2020\/01\/12___Vue_exterieure-siteweb-300x169.jpg 300w, https:\/\/www.maisondelaliberte.com\/wp-content\/uploads\/2020\/01\/12___Vue_exterieure-siteweb-1024x576.jpg 1024w, https:\/\/www.maisondelaliberte.com\/wp-content\/uploads\/2020\/01\/12___Vue_exterieure-siteweb-768x432.jpg 768w, https:\/\/www.maisondelaliberte.com\/wp-content\/uploads\/2020\/01\/12___Vue_exterieure-siteweb-1536x864.jpg 1536w\" sizes=\"(max-width: 1900px) 100vw, 1900px\" \/>\t\t\t\t\t\t\t\t\t\t\t\t\t\t\t<\/div>\n\t\t\t\t<\/div>\n\t\t\t\t<div class=\"elementor-element elementor-element-c269a0a elementor-widget elementor-widget-text-editor\" data-id=\"c269a0a\" data-element_type=\"widget\" data-widget_type=\"text-editor.default\">\n\t\t\t\t<div class=\"elementor-widget-container\">\n\t\t\t\t\t\t\t\t\t<p>photo credits : \u00a9 Futuroscope\/Calune \/ banni\u00e8re : \u00a9 Futuroscope \/ O. H\u00e9ral \/ H.<\/p>\t\t\t\t\t\t\t\t<\/div>\n\t\t\t\t<\/div>\n\t\t\t\t\t<\/div>\n\t\t<\/div>\n\t\t\t\t<div class=\"elementor-column elementor-col-50 elementor-top-column elementor-element elementor-element-c49d1ca\" data-id=\"c49d1ca\" data-element_type=\"column\">\n\t\t\t<div class=\"elementor-widget-wrap elementor-element-populated\">\n\t\t\t\t\t\t<div class=\"elementor-element elementor-element-78f06a2 elementor-widget elementor-widget-text-editor\" data-id=\"78f06a2\" data-element_type=\"widget\" data-widget_type=\"text-editor.default\">\n\t\t\t\t<div class=\"elementor-widget-container\">\n\t\t\t\t\t\t\t\t\t<p>close to apartments<\/p>\t\t\t\t\t\t\t\t<\/div>\n\t\t\t\t<\/div>\n\t\t\t\t<div class=\"elementor-element elementor-element-3ba4390 elementor-widget elementor-widget-heading\" data-id=\"3ba4390\" data-element_type=\"widget\" data-widget_type=\"heading.default\">\n\t\t\t\t<div class=\"elementor-widget-container\">\n\t\t\t\t\t<h2 class=\"elementor-heading-title elementor-size-default\">the Futuroscope<\/h2>\t\t\t\t<\/div>\n\t\t\t\t<\/div>\n\t\t\t\t<div class=\"elementor-element elementor-element-b37229e elementor-widget elementor-widget-image\" data-id=\"b37229e\" data-element_type=\"widget\" data-widget_type=\"image.default\">\n\t\t\t\t<div class=\"elementor-widget-container\">\n\t\t\t\t\t\t\t\t\t\t\t\t\t\t\t<img decoding=\"async\" width=\"800\" height=\"800\" src=\"https:\/\/www.maisondelaliberte.com\/wp-content\/uploads\/2019\/12\/LISERET-svg.svg\" class=\"attachment-large size-large wp-image-462\" alt=\"\" srcset=\"https:\/\/www.maisondelaliberte.com\/wp-content\/uploads\/\/2019\/12\/LISERET-svg.svg 150w, https:\/\/www.maisondelaliberte.com\/wp-content\/uploads\/\/2019\/12\/LISERET-svg.svg 300w, https:\/\/www.maisondelaliberte.com\/wp-content\/uploads\/\/2019\/12\/LISERET-svg.svg 1024w, https:\/\/www.maisondelaliberte.com\/wp-content\/uploads\/\/2019\/12\/LISERET-svg.svg 1536w, https:\/\/www.maisondelaliberte.com\/wp-content\/uploads\/\/2019\/12\/LISERET-svg.svg 2048w\" sizes=\"(max-width: 800px) 100vw, 800px\" \/>\t\t\t\t\t\t\t\t\t\t\t\t\t\t\t<\/div>\n\t\t\t\t<\/div>\n\t\t\t\t<div class=\"elementor-element elementor-element-24f8f15 elementor-widget elementor-widget-text-editor\" data-id=\"24f8f15\" data-element_type=\"widget\" data-widget_type=\"text-editor.default\">\n\t\t\t\t<div class=\"elementor-widget-container\">\n\t\t\t\t\t\t\t\t\t<p class=\"p1\"><span class=\"s1\">With family, as a couple, with friends, the Futuroscope park is of a technological theme, science based on pictures, animated films and 3D, it\u2019ll seduce all the generations.<\/span><\/p><p class=\"p1\"><span class=\"s1\">You\u2019ll also be able to buy your tickets at the tourist office (Office de Tourisme) in the town center on the Notre-Dame-La-Grande square.<\/span><\/p>\t\t\t\t\t\t\t\t<\/div>\n\t\t\t\t<\/div>\n\t\t\t\t<section class=\"elementor-section elementor-inner-section elementor-element elementor-element-fdc8eed elementor-section-boxed elementor-section-height-default elementor-section-height-default\" data-id=\"fdc8eed\" data-element_type=\"section\">\n\t\t\t\t\t\t<div class=\"elementor-container elementor-column-gap-default\">\n\t\t\t\t\t<div class=\"elementor-column elementor-col-33 elementor-inner-column elementor-element elementor-element-fbb93c4\" data-id=\"fbb93c4\" data-element_type=\"column\">\n\t\t\t<div class=\"elementor-widget-wrap elementor-element-populated\">\n\t\t\t\t\t\t<div class=\"elementor-element elementor-element-9cc5a13 elementor-widget elementor-widget-image\" data-id=\"9cc5a13\" data-element_type=\"widget\" data-widget_type=\"image.default\">\n\t\t\t\t<div class=\"elementor-widget-container\">\n\t\t\t\t\t\t\t\t\t\t\t\t\t\t\t<img decoding=\"async\" width=\"200\" height=\"200\" src=\"https:\/\/www.maisondelaliberte.com\/wp-content\/uploads\/2019\/12\/DISTANCE.svg\" class=\"attachment-full size-full wp-image-864\" alt=\"\" srcset=\"https:\/\/www.maisondelaliberte.com\/wp-content\/uploads\/\/2019\/12\/DISTANCE.svg 150w, https:\/\/www.maisondelaliberte.com\/wp-content\/uploads\/\/2019\/12\/DISTANCE.svg 300w, https:\/\/www.maisondelaliberte.com\/wp-content\/uploads\/\/2019\/12\/DISTANCE.svg 1024w, https:\/\/www.maisondelaliberte.com\/wp-content\/uploads\/\/2019\/12\/DISTANCE.svg 1536w, https:\/\/www.maisondelaliberte.com\/wp-content\/uploads\/\/2019\/12\/DISTANCE.svg 2048w, https:\/\/www.maisondelaliberte.com\/wp-content\/uploads\/\/2019\/12\/DISTANCE.svg 200w\" sizes=\"(max-width: 200px) 100vw, 200px\" \/>\t\t\t\t\t\t\t\t\t\t\t\t\t\t\t<\/div>\n\t\t\t\t<\/div>\n\t\t\t\t<div class=\"elementor-element elementor-element-c5141f4 elementor-widget elementor-widget-text-editor\" data-id=\"c5141f4\" data-element_type=\"widget\" data-widget_type=\"text-editor.default\">\n\t\t\t\t<div class=\"elementor-widget-container\">\n\t\t\t\t\t\t\t\t\t<p>15 min<\/p><p>drive<\/p>\t\t\t\t\t\t\t\t<\/div>\n\t\t\t\t<\/div>\n\t\t\t\t\t<\/div>\n\t\t<\/div>\n\t\t\t\t<div class=\"elementor-column elementor-col-33 elementor-inner-column elementor-element elementor-element-78a6fa4\" data-id=\"78a6fa4\" data-element_type=\"column\">\n\t\t\t<div class=\"elementor-widget-wrap elementor-element-populated\">\n\t\t\t\t\t\t<div class=\"elementor-element elementor-element-73cf0d9 elementor-widget elementor-widget-image\" data-id=\"73cf0d9\" data-element_type=\"widget\" data-widget_type=\"image.default\">\n\t\t\t\t<div class=\"elementor-widget-container\">\n\t\t\t\t\t\t\t\t\t\t\t\t\t\t\t<img decoding=\"async\" src=\"https:\/\/www.maisondelaliberte.com\/wp-content\/uploads\/2019\/12\/BUS.svg\" title=\"BUS\" alt=\"BUS\" loading=\"lazy\" \/>\t\t\t\t\t\t\t\t\t\t\t\t\t\t\t<\/div>\n\t\t\t\t<\/div>\n\t\t\t\t<div class=\"elementor-element elementor-element-71f490f elementor-widget elementor-widget-text-editor\" data-id=\"71f490f\" data-element_type=\"widget\" data-widget_type=\"text-editor.default\">\n\t\t\t\t<div class=\"elementor-widget-container\">\n\t\t\t\t\t\t\t\t\t<p>bus <br \/>(ligne 1, 21 <br \/>and E on sunday)<\/p>\t\t\t\t\t\t\t\t<\/div>\n\t\t\t\t<\/div>\n\t\t\t\t\t<\/div>\n\t\t<\/div>\n\t\t\t\t<div class=\"elementor-column elementor-col-33 elementor-inner-column elementor-element elementor-element-584cc0b\" data-id=\"584cc0b\" data-element_type=\"column\">\n\t\t\t<div class=\"elementor-widget-wrap elementor-element-populated\">\n\t\t\t\t\t\t<div class=\"elementor-element elementor-element-3479c03 elementor-widget elementor-widget-image\" data-id=\"3479c03\" data-element_type=\"widget\" data-widget_type=\"image.default\">\n\t\t\t\t<div class=\"elementor-widget-container\">\n\t\t\t\t\t\t\t\t\t\t\t\t\t\t\t<img decoding=\"async\" src=\"https:\/\/www.maisondelaliberte.com\/wp-content\/uploads\/2019\/12\/TGV.svg\" title=\"TGV\" alt=\"TGV\" loading=\"lazy\" \/>\t\t\t\t\t\t\t\t\t\t\t\t\t\t\t<\/div>\n\t\t\t\t<\/div>\n\t\t\t\t<div class=\"elementor-element elementor-element-0895f0c elementor-widget elementor-widget-text-editor\" data-id=\"0895f0c\" data-element_type=\"widget\" data-widget_type=\"text-editor.default\">\n\t\t\t\t<div class=\"elementor-widget-container\">\n\t\t\t\t\t\t\t\t\t<p>TGV <br \/>or train<\/p>\t\t\t\t\t\t\t\t<\/div>\n\t\t\t\t<\/div>\n\t\t\t\t\t<\/div>\n\t\t<\/div>\n\t\t\t\t\t<\/div>\n\t\t<\/section>\n\t\t\t\t<div class=\"elementor-element elementor-element-19dec2c elementor-widget elementor-widget-spacer\" data-id=\"19dec2c\" data-element_type=\"widget\" data-widget_type=\"spacer.default\">\n\t\t\t\t<div class=\"elementor-widget-container\">\n\t\t\t\t\t\t\t<div class=\"elementor-spacer\">\n\t\t\t<div class=\"elementor-spacer-inner\"><\/div>\n\t\t<\/div>\n\t\t\t\t\t\t<\/div>\n\t\t\t\t<\/div>\n\t\t\t\t\t<\/div>\n\t\t<\/div>\n\t\t\t\t\t<\/div>\n\t\t<\/section>\n\t\t\t\t<section class=\"elementor-section elementor-top-section elementor-element elementor-element-0d89b9e elementor-section-boxed elementor-section-height-default elementor-section-height-default\" data-id=\"0d89b9e\" data-element_type=\"section\">\n\t\t\t\t\t\t<div class=\"elementor-container elementor-column-gap-default\">\n\t\t\t\t\t<div class=\"elementor-column elementor-col-100 elementor-top-column elementor-element elementor-element-3b8c1b0\" data-id=\"3b8c1b0\" data-element_type=\"column\">\n\t\t\t<div class=\"elementor-widget-wrap elementor-element-populated\">\n\t\t\t\t\t\t<div class=\"elementor-element elementor-element-b771390 elementor-widget elementor-widget-spacer\" data-id=\"b771390\" data-element_type=\"widget\" data-widget_type=\"spacer.default\">\n\t\t\t\t<div class=\"elementor-widget-container\">\n\t\t\t\t\t\t\t<div class=\"elementor-spacer\">\n\t\t\t<div class=\"elementor-spacer-inner\"><\/div>\n\t\t<\/div>\n\t\t\t\t\t\t<\/div>\n\t\t\t\t<\/div>\n\t\t\t\t\t<\/div>\n\t\t<\/div>\n\t\t\t\t\t<\/div>\n\t\t<\/section>\n\t\t\t\t<section class=\"elementor-section elementor-top-section elementor-element elementor-element-64709c1b elementor-section-full_width elementor-section-height-default elementor-section-height-default\" data-id=\"64709c1b\" data-element_type=\"section\" id=\"instafeed-section\">\n\t\t\t\t\t\t<div class=\"elementor-container elementor-column-gap-default\">\n\t\t\t\t\t<div class=\"elementor-column elementor-col-100 elementor-top-column elementor-element elementor-element-5737129\" data-id=\"5737129\" data-element_type=\"column\">\n\t\t\t<div class=\"elementor-widget-wrap elementor-element-populated\">\n\t\t\t\t\t\t<div class=\"elementor-element elementor-element-1f3cceaf elementor-widget elementor-widget-html\" data-id=\"1f3cceaf\" data-element_type=\"widget\" data-widget_type=\"html.default\">\n\t\t\t\t<div class=\"elementor-widget-container\">\n\t\t\t\t\t[instagram-feed feed=1]\t\t\t\t<\/div>\n\t\t\t\t<\/div>\n\t\t\t\t\t<\/div>\n\t\t<\/div>\n\t\t\t\t\t<\/div>\n\t\t<\/section>\n\t\t\t\t<\/div>","protected":false},"excerpt":{"rendered":"<p>FUTUROSCOPE photo credits : \u00a9 Futuroscope\/Calune \/ banni\u00e8re : \u00a9 Futuroscope \/ O. H\u00e9ral \/ H. close to apartments the Futuroscope With family, as a couple, with friends, the Futuroscope park is of a technological theme, science based on pictures, animated films and 3D, it\u2019ll seduce all the generations. You\u2019ll also be able to buy [&hellip;]<\/p>","protected":false},"author":1,"featured_media":0,"parent":0,"menu_order":0,"comment_status":"closed","ping_status":"closed","template":"elementor_header_footer","meta":{"_exactmetrics_skip_tracking":false,"_exactmetrics_sitenote_active":false,"_exactmetrics_sitenote_note":"","_exactmetrics_sitenote_category":0,"footnotes":""},"class_list":["post-2791","page","type-page","status-publish","hentry"],"yoast_head":"<!-- This site is optimized with the Yoast SEO plugin v25.1 - https:\/\/yoast.com\/wordpress\/plugins\/seo\/ -->\n<title>Futuroscope - A quelques kilom\u00e8tres de nos appartements<\/title>\n<meta name=\"description\" content=\"En famille, en couple, entre amis le parc du Futuroscope est un parc a th\u00e8me qui s\u00e9duira toutes les g\u00e9n\u00e9rations. Il st accessible par voiture, bus et TGV.\" \/>\n<meta name=\"robots\" content=\"index, follow, max-snippet:-1, max-image-preview:large, max-video-preview:-1\" \/>\n<link rel=\"canonical\" href=\"https:\/\/www.maisondelaliberte.com\/en\/the-futuroscope\/\" \/>\n<meta property=\"og:locale\" content=\"en_GB\" \/>\n<meta property=\"og:type\" content=\"article\" \/>\n<meta property=\"og:title\" content=\"Futuroscope - A quelques kilom\u00e8tres de nos appartements\" \/>\n<meta property=\"og:description\" content=\"En famille, en couple, entre amis le parc du Futuroscope est un parc a th\u00e8me qui s\u00e9duira toutes les g\u00e9n\u00e9rations. Il st accessible par voiture, bus et TGV.\" \/>\n<meta property=\"og:url\" content=\"https:\/\/www.maisondelaliberte.com\/en\/the-futuroscope\/\" \/>\n<meta property=\"og:site_name\" content=\"La Maison de la Libert\u00e9 \u00b7 Meubl\u00e9 de tourisme \u00e0 Poitiers\" \/>\n<meta property=\"article:modified_time\" content=\"2023-01-20T10:32:41+00:00\" \/>\n<meta property=\"og:image\" content=\"https:\/\/www.maisondelaliberte.com\/wp-content\/uploads\/2020\/01\/12___Vue_exterieure-siteweb.jpg\" \/>\n<meta name=\"twitter:card\" content=\"summary_large_image\" \/>\n<meta name=\"twitter:label1\" content=\"Estimated reading time\" \/>\n\t<meta name=\"twitter:data1\" content=\"2 minutes\" \/>\n<script type=\"application\/ld+json\" class=\"yoast-schema-graph\">{\"@context\":\"https:\/\/schema.org\",\"@graph\":[{\"@type\":\"WebPage\",\"@id\":\"https:\/\/www.maisondelaliberte.com\/en\/the-futuroscope\/\",\"url\":\"https:\/\/www.maisondelaliberte.com\/en\/the-futuroscope\/\",\"name\":\"Futuroscope - A quelques kilom\u00e8tres de nos appartements\",\"isPartOf\":{\"@id\":\"https:\/\/www.maisondelaliberte.com\/en\/#website\"},\"primaryImageOfPage\":{\"@id\":\"https:\/\/www.maisondelaliberte.com\/en\/the-futuroscope\/#primaryimage\"},\"image\":{\"@id\":\"https:\/\/www.maisondelaliberte.com\/en\/the-futuroscope\/#primaryimage\"},\"thumbnailUrl\":\"https:\/\/www.maisondelaliberte.com\/wp-content\/uploads\/2020\/01\/12___Vue_exterieure-siteweb.jpg\",\"datePublished\":\"2020-03-19T11:54:00+00:00\",\"dateModified\":\"2023-01-20T10:32:41+00:00\",\"description\":\"En famille, en couple, entre amis le parc du Futuroscope est un parc a th\u00e8me qui s\u00e9duira toutes les g\u00e9n\u00e9rations. Il st accessible par voiture, bus et TGV.\",\"breadcrumb\":{\"@id\":\"https:\/\/www.maisondelaliberte.com\/en\/the-futuroscope\/#breadcrumb\"},\"inLanguage\":\"en-GB\",\"potentialAction\":[{\"@type\":\"ReadAction\",\"target\":[\"https:\/\/www.maisondelaliberte.com\/en\/the-futuroscope\/\"]}]},{\"@type\":\"ImageObject\",\"inLanguage\":\"en-GB\",\"@id\":\"https:\/\/www.maisondelaliberte.com\/en\/the-futuroscope\/#primaryimage\",\"url\":\"https:\/\/www.maisondelaliberte.com\/wp-content\/uploads\/2020\/01\/12___Vue_exterieure-siteweb.jpg\",\"contentUrl\":\"https:\/\/www.maisondelaliberte.com\/wp-content\/uploads\/2020\/01\/12___Vue_exterieure-siteweb.jpg\"},{\"@type\":\"BreadcrumbList\",\"@id\":\"https:\/\/www.maisondelaliberte.com\/en\/the-futuroscope\/#breadcrumb\",\"itemListElement\":[{\"@type\":\"ListItem\",\"position\":1,\"name\":\"Home\",\"item\":\"https:\/\/www.maisondelaliberte.com\/en\/\"},{\"@type\":\"ListItem\",\"position\":2,\"name\":\"The Futuroscope\"}]},{\"@type\":\"WebSite\",\"@id\":\"https:\/\/www.maisondelaliberte.com\/en\/#website\",\"url\":\"https:\/\/www.maisondelaliberte.com\/en\/\",\"name\":\"La Maison de la Libert\u00e9 \u00b7 Meubl\u00e9 de tourisme \u00e0 Poitiers\",\"description\":\"Location d&#039;appartement dans le Poitou Charente\",\"potentialAction\":[{\"@type\":\"SearchAction\",\"target\":{\"@type\":\"EntryPoint\",\"urlTemplate\":\"https:\/\/www.maisondelaliberte.com\/en\/?s={search_term_string}\"},\"query-input\":{\"@type\":\"PropertyValueSpecification\",\"valueRequired\":true,\"valueName\":\"search_term_string\"}}],\"inLanguage\":\"en-GB\"}]}<\/script>\n<!-- \/ Yoast SEO plugin. -->","yoast_head_json":{"title":"Futuroscope - A quelques kilom\u00e8tres de nos appartements","description":"En famille, en couple, entre amis le parc du Futuroscope est un parc a th\u00e8me qui s\u00e9duira toutes les g\u00e9n\u00e9rations. Il st accessible par voiture, bus et TGV.","robots":{"index":"index","follow":"follow","max-snippet":"max-snippet:-1","max-image-preview":"max-image-preview:large","max-video-preview":"max-video-preview:-1"},"canonical":"https:\/\/www.maisondelaliberte.com\/en\/the-futuroscope\/","og_locale":"en_GB","og_type":"article","og_title":"Futuroscope - A quelques kilom\u00e8tres de nos appartements","og_description":"En famille, en couple, entre amis le parc du Futuroscope est un parc a th\u00e8me qui s\u00e9duira toutes les g\u00e9n\u00e9rations. Il st accessible par voiture, bus et TGV.","og_url":"https:\/\/www.maisondelaliberte.com\/en\/the-futuroscope\/","og_site_name":"La Maison de la Libert\u00e9 \u00b7 Meubl\u00e9 de tourisme \u00e0 Poitiers","article_modified_time":"2023-01-20T10:32:41+00:00","og_image":[{"url":"https:\/\/www.maisondelaliberte.com\/wp-content\/uploads\/2020\/01\/12___Vue_exterieure-siteweb.jpg","type":"","width":"","height":""}],"twitter_card":"summary_large_image","twitter_misc":{"Estimated reading time":"2 minutes"},"schema":{"@context":"https:\/\/schema.org","@graph":[{"@type":"WebPage","@id":"https:\/\/www.maisondelaliberte.com\/en\/the-futuroscope\/","url":"https:\/\/www.maisondelaliberte.com\/en\/the-futuroscope\/","name":"Futuroscope - A quelques kilom\u00e8tres de nos appartements","isPartOf":{"@id":"https:\/\/www.maisondelaliberte.com\/en\/#website"},"primaryImageOfPage":{"@id":"https:\/\/www.maisondelaliberte.com\/en\/the-futuroscope\/#primaryimage"},"image":{"@id":"https:\/\/www.maisondelaliberte.com\/en\/the-futuroscope\/#primaryimage"},"thumbnailUrl":"https:\/\/www.maisondelaliberte.com\/wp-content\/uploads\/2020\/01\/12___Vue_exterieure-siteweb.jpg","datePublished":"2020-03-19T11:54:00+00:00","dateModified":"2023-01-20T10:32:41+00:00","description":"En famille, en couple, entre amis le parc du Futuroscope est un parc a th\u00e8me qui s\u00e9duira toutes les g\u00e9n\u00e9rations. Il st accessible par voiture, bus et TGV.","breadcrumb":{"@id":"https:\/\/www.maisondelaliberte.com\/en\/the-futuroscope\/#breadcrumb"},"inLanguage":"en-GB","potentialAction":[{"@type":"ReadAction","target":["https:\/\/www.maisondelaliberte.com\/en\/the-futuroscope\/"]}]},{"@type":"ImageObject","inLanguage":"en-GB","@id":"https:\/\/www.maisondelaliberte.com\/en\/the-futuroscope\/#primaryimage","url":"https:\/\/www.maisondelaliberte.com\/wp-content\/uploads\/2020\/01\/12___Vue_exterieure-siteweb.jpg","contentUrl":"https:\/\/www.maisondelaliberte.com\/wp-content\/uploads\/2020\/01\/12___Vue_exterieure-siteweb.jpg"},{"@type":"BreadcrumbList","@id":"https:\/\/www.maisondelaliberte.com\/en\/the-futuroscope\/#breadcrumb","itemListElement":[{"@type":"ListItem","position":1,"name":"Home","item":"https:\/\/www.maisondelaliberte.com\/en\/"},{"@type":"ListItem","position":2,"name":"The Futuroscope"}]},{"@type":"WebSite","@id":"https:\/\/www.maisondelaliberte.com\/en\/#website","url":"https:\/\/www.maisondelaliberte.com\/en\/","name":"La Maison de la Libert\u00e9 \u00b7 Meubl\u00e9 de tourisme \u00e0 Poitiers","description":"Location d&#039;appartement dans le Poitou Charente","potentialAction":[{"@type":"SearchAction","target":{"@type":"EntryPoint","urlTemplate":"https:\/\/www.maisondelaliberte.com\/en\/?s={search_term_string}"},"query-input":{"@type":"PropertyValueSpecification","valueRequired":true,"valueName":"search_term_string"}}],"inLanguage":"en-GB"}]}},"_links":{"self":[{"href":"https:\/\/www.maisondelaliberte.com\/en\/wp-json\/wp\/v2\/pages\/2791","targetHints":{"allow":["GET"]}}],"collection":[{"href":"https:\/\/www.maisondelaliberte.com\/en\/wp-json\/wp\/v2\/pages"}],"about":[{"href":"https:\/\/www.maisondelaliberte.com\/en\/wp-json\/wp\/v2\/types\/page"}],"author":[{"embeddable":true,"href":"https:\/\/www.maisondelaliberte.com\/en\/wp-json\/wp\/v2\/users\/1"}],"replies":[{"embeddable":true,"href":"https:\/\/www.maisondelaliberte.com\/en\/wp-json\/wp\/v2\/comments?post=2791"}],"version-history":[{"count":0,"href":"https:\/\/www.maisondelaliberte.com\/en\/wp-json\/wp\/v2\/pages\/2791\/revisions"}],"wp:attachment":[{"href":"https:\/\/www.maisondelaliberte.com\/en\/wp-json\/wp\/v2\/media?parent=2791"}],"curies":[{"name":"wp","href":"https:\/\/api.w.org\/{rel}","templated":true}]}}