
{"id":4332,"date":"2023-01-11T09:20:05","date_gmt":"2023-01-11T08:20:05","guid":{"rendered":"https:\/\/www.maisondelaliberte.com\/?page_id=4332"},"modified":"2023-01-11T09:21:20","modified_gmt":"2023-01-11T08:21:20","slug":"terms-of-sales","status":"publish","type":"page","link":"https:\/\/www.maisondelaliberte.com\/en\/terms-of-sales\/","title":{"rendered":"TERMS OF SALES"},"content":{"rendered":"<div data-elementor-type=\"wp-page\" data-elementor-id=\"4332\" class=\"elementor elementor-4332\">\n\t\t\t\t\t\t<section class=\"elementor-section elementor-top-section elementor-element elementor-element-79e937e elementor-section-boxed elementor-section-height-default elementor-section-height-default\" data-id=\"79e937e\" data-element_type=\"section\">\n\t\t\t\t\t\t<div class=\"elementor-container elementor-column-gap-default\">\n\t\t\t\t\t<div class=\"elementor-column elementor-col-100 elementor-top-column elementor-element elementor-element-89e43cf\" data-id=\"89e43cf\" data-element_type=\"column\">\n\t\t\t<div class=\"elementor-widget-wrap elementor-element-populated\">\n\t\t\t\t\t\t<div class=\"elementor-element elementor-element-f03d8f2 elementor-widget elementor-widget-text-editor\" data-id=\"f03d8f2\" data-element_type=\"widget\" data-widget_type=\"text-editor.default\">\n\t\t\t\t<div class=\"elementor-widget-container\">\n\t\t\t\t\t\t\t\t\t<h1 class=\"p1\"><span class=\"s1\" style=\"color: #b4a471;\">TERMS OF SALES<\/span><\/h1><p class=\"p1\"><b>RESERVATION :<\/b><\/p><p class=\"p1\">The reservation of accommodation at La Maison de la Libert\u00e9 is only valid after acceptance of it and.<\/p><p class=\"p1\">The confirmation of the customer&rsquo;s reservation remains at the sole discretion of La Maison de la Libert\u00e9 <br \/>In addition, the reservation must, to be firm, be guaranteed by a credit card accepted by La Maison de la Libert\u00e9 and valid or have subject to a prior credit agreement .<\/p><p class=\"p1\"><b>For all stays, the full amount of the stay is claimed to validate the reservation, your bank details are kept in case of damage within the establishment.<\/b><\/p><p class=\"p1\">When booking, the customer communicates to La Maison de la Libert\u00e9 his postal address, e-mail address and telephone. Maison de la Libert\u00e9 may use this data to send them information and\/or commercial offers. The customer can, on simple request, ask La Maison de la Libert\u00e9 to delete his data from his customer file.<\/p><p class=\"p1\"><b>PRICE AND DOMICILIATION OF THE STAY <\/b><br \/>The apartments are fully furnished and equipped \u201cready to live in\u201d. The rates include the supply of household linen, welcome toiletries and a cleaning service when the tenant leaves. Breakfast is not included, we provide you with tea, coffee, herbal teas as well as a map with the nearest bakery as well as our good addresses. Each stay started is due until the end of the contractually agreed period. .<\/p><p class=\"p1\">Prices include unless otherwise stated in the special conditions:<\/p><p class=\"p1\">\u2013 The exchange of household linen once every 7 nights depending on the occupation on request deposited in front of the accommodation. <br \/>\u2013 The apartment is insured with basic insurance, but does not include insurance of the tenant&rsquo;s property or damage caused by it . Your bank information is taken as a deposit.<\/p><p class=\"p1\">The prices do not include unless otherwise stated in the special conditions:<\/p><p class=\"p1\">\u2013 Tourist taxes 1\u20ac40\/adult\/night unless changed by the Grand Poitiers Community. <br \/>\u2013 Insurance of the tenant&rsquo;s property, luggage, jewelry and other valuables. Please contact your insurer before your arrival.<\/p><p class=\"p1\">Places of stay are made available from <b>3 p.m. <\/b>on the day of departure. The places must be vacated at <b>12 p.m. <\/b>unless mutually agreed by the two contracting parties, failing which he will be charged for an additional night.<\/p><p class=\"p1\"><b>CHANGES TO BOOKING OR DURATION OF STAY <\/b><br \/>Subject to availability at La Maison de la Libert\u00e9 and at the discretion of the duration of stay may be extended, without obligation to stay in the same apartment, or at the same price. If the stay must be shortened by one or more nights, no refund is possible.<\/p><p class=\"p1\"><b>CANCELLATIONS OR NO PRESENTATIONS<\/b><\/p><p class=\"p1\">Any cancellation must be made by e-mail to contact@maisondelalibert\u00e9.com <br \/><b>If it occurs 7 days or more <\/b>before the scheduled date of arrival, the cancellation will be subject to compensation of 0% of the total amount of the reservation Off plan standard tariff. <br \/><b>Any cancellation less than 7 days <\/b>before the scheduled date of arrival will be subject to compensation of 100% of the total amount of the reservation. <br \/>The effective date of a written cancellation will be the date of receipt of it on our mailbox.<\/p><p class=\"p1\">As part of a full payment for the stay, at least 7 days before the start date, the reservation then becomes non-exchangeable and non-refundable.<\/p><p class=\"p1\"><b>DELIVERY OF KEYS AND STAY<\/b><\/p><p class=\"p1\"><b>It is strictly forbidden to access the apartment before 3:00 p.m. on the day of arrival. Thank you for your understanding.<\/b><\/p><p class=\"p1\">Access keys are handed over during the welcome meeting on the arrival of the resident or taken from a safe . <br \/>It is strictly forbidden to have duplicate access keys made or to have additional locks fitted, under penalty of prosecution. Each loss of an access key to the resident&rsquo;s apartment, it will be proceeded for of security at the change of the barrel, as well as all the necessary duplicates of the property which will then be invoiced to him.<\/p><p class=\"p1\">The customer agrees to use the premises for a short or medium-term stay intended as a place of residence. The number of people present in the apartment is that indicated in the booking confirmation, it is forbidden to use the premises for the organization of a party, an evening or an event without written authorization from La House of Liberty. Additional charges for misuse will be charged if necessary. <br \/>If the restoration of the premises requires it, the additional costs remain the responsibility of the customer.<\/p><p class=\"p1\"><b>PROHIBITION OF DOMICILIATION <\/b><br \/>It is forbidden for the resident to use and distribute as main residence or business address, the address or telephone numbers of La Maison de la Libert\u00e9<\/p><p class=\"p1\"><b>PHOTOGRAPHS \/ VIDEOS <br \/><\/b>The tenant rents a private place, the photographs\/videos taken during his stay cannot be used or distributed outside the family sphere without the express written consent of the owner of the premises. The tenant rents accommodation if he wishes to rent the place to organize a photo\/video shopping (birth, wedding, parties, etc.) the pricing conditions are different and require our agreement. <br \/>Any use for communication or commercial purposes is strictly prohibited.<\/p><p class=\"p1\"><b>INSURANCE AND PERSONAL ITEMS <\/b><br \/>La Maison de la Libert\u00e9 is not liable for the custody of any personal item left by the resident in the apartment, whether present or not. The apartment and its furniture are insured by insurance in the event of fire, water leaks, burglary and glass breakage. Your personal property and values are not covered by this insurance. We particularly recommend that you insure yourself and the people traveling with you, all baggage, property and values of each against loss or theft. Liability insurance is also recommended for everyone.<\/p><p class=\"p1\"><b>TRANQUILITY <\/b><br \/>The resident will ensure that the tranquility is not, at any time, disturbed by his behavior and that of his guests. The use of sound devices (music, television, DVD, etc.) is reasonably authorized as long as the resulting noise does not disturb the neighbours. <br \/>The customer accepts and undertakes to use the apartment \u201cas a good father\u201d. Also any behavior contrary to good morals and public order will cause the person in charge of the apartment to ask the client to leave the establishment without any compensation and\/or without any refund if payment has already been made.<\/p><p class=\"p1\"><b>USE OF THE COMMON AREAS <\/b><br \/>The resident will not encumber, temporarily or permanently and with any object whatsoever (bicycles, garbage bags, etc.) the common areas of the condominium, unless requested in advance, depending on the possibility.<\/p><p class=\"p1\">It is also asked not to park in the common areas and any discretion .<\/p><p class=\"p1\"><b>EQUIPMENT OF THE APARTMENT <\/b><br \/>The layout, layout and equipment of the residence cannot, under any circumstances, be modified in any way whatsoever. <br \/>It is also forbidden for the resident to move any furniture and accessories belonging to La Maison de la Libert\u00e9 or to bring additional equipment into the apartments.<\/p><p class=\"p1\"><b>INTERNET AND TELEVISION ELECTRICITY WATER <\/b><br \/>La Maison de la Libert\u00e9 provides a free internet connection as well as television, no partial or total refund can be made if a network failure occurs, if the equipment has a defect requiring replacement or if the use of this equipment is impossible for a reason beyond the control of La Maison de la Libert\u00e9.<\/p><p class=\"p1\">Given the energy \/ water crisis, we are not required to reimburse the stay in the event of a breakdown or cut.<\/p><p class=\"p1\"><b>MAINTENANCE AND REPAIRS <\/b><br \/>Cleaning is automatically provided after the resident&rsquo;s final departure by La Maison de la Libert\u00e9 \u2013 If the stay includes more than 7 rental days in a row, cleaning will be provided by the resident himself for the duration of his stay. living room, sheets, towels, bath mats and a dish towel will be left in front of the accommodation unless agreed by La Maison de la Libert\u00e9.<\/p><p class=\"p1\">Residents are prohibited from carrying out repairs on the premises themselves. <br \/>In the event of stains on furniture, carpets, rugs, etc., he must contact the referent .<\/p><p class=\"p1\"><b>The House of<\/b>\u00a0<b>Libert\u00e9 reserves the right to charge a supplement for degradation when the inventory of fixtures requires it, it is advisable for the customers not to misuse the premises and to respect them.<\/b><\/p><p class=\"p1\">All our accommodations are NON-Smoking, the tenant will be asked to leave the premises immediately, part or all of them will be debited for intensive cleaning costs as well as the possible impossibility of re-renting the accommodation the following days.<\/p><p class=\"p1\"><b>DISSATISFACTION AND DISPUTES <\/b><br \/>In the event that the rented apartment does not correspond to your expectations or if a problem arises during our stay, please inform La Maison de la Libert\u00e9 without delay. We will do our best to give you satisfaction immediately. If, however, you have not been fully satisfied during your stay, we kindly ask you to send your comments by email within 7 days of the end of the rental to contact@maisondelaliberte.comAll commercial or contractual relations between La Maison de la Libert\u00e9 and its customers are governed solely by French law.<\/p><p class=\"p1\"><b>RESPONSIBILITIES <\/b><br \/>La Maison de la Libert\u00e9 declines all responsibility in the event of the death or bodily or material damage of any person renting or using our apartment unless this is the result of a proven fault on the part of our staff or ourselves. Maison de la Libert\u00e9 declines all responsibility in the event of loss, damage, delay due to a cause beyond our control or our control, in particular cases of force majeure, explosions, floods, storms, fire, pandemic, accident , acts of war. or civil or terrorist threat, restrictive measures by any official authority, strikes, demonstrations, power cuts . In such cases, the rental contract may be terminated automatically without any compensation being requested by the resident. <br \/>La Maison de la Libert\u00e9 cannot be held responsible in the event of a breakdown of equipment common to the apartment and the building, such as plumbing, central water heater, central heating, wifi, etc. ; the same goes for breaks or breakdowns of public services such as water, electricity, telephone or TV. La Maison de la Libert\u00e9 declines all responsibility for noise and nuisances of any kind that are beyond its control. or under its control or which are not located in the rented apartment.<\/p><p class=\"p1\"><b>RESERVATION VIA OUR SITE OR OUR RESERVATION DEPARTMENT <\/b><br \/>The information provided on the site or by our reservation department mentions the following information: <br \/>The essential characteristics of the accommodation offered <br \/>The additional services offered; The prices, per room for the number of person(s) The terms and conditions of paymentThe minimum duration of the proposed contract, if applicable.The customer declares to have full legal capacity allowing him to commit under these general conditions.The customer chooses the services presented on the site or presented orally during an interview telephone, or in an e-mail. The customer acknowledges having read the nature, destination and booking methods of the services available on the website or from his interlocutor and having requested and obtained the necessary and\/or additional information to make his reservation in full knowledge of the facts. customer is solely responsible for his choice of services and their suitability for his needs, so that the responsibility of La Maison de la Libert\u00e9 cannot be sought in this regard. The reservation is deemed accepted by the customer at the end of the reservation process the customer confirms his agreement which entails the sending of a confirmation requesting acknowledgment of receipt . &lsquo;establishment. <br \/>Some places have Internal Regulations for the customer. The customer accepts and undertakes to respect said regulations. In the event of non-compliance by the customer with one of the provisions of the Internal Regulations, the person in charge of the apartments will be obliged to invite the customer to leave the establishment immediately without any compensation and or without any refund if payment has already been made.<\/p><p class=\"p1\">All our accommodations offer WIFI access allowing customers to connect to the internet. The customer agrees that the computer resources made available to him by the establishment will not be used in any way for the purposes of reproduction, representation, provision or communication to the public of works or objects. protected by copyright or by a related right, such as texts, images, photographs, musical works, audiovisual works, software and video games, without the authorization of the holders of the rights provided for in Books I and II of the Code of intellectual property where such permission is required. The Customer is required to comply with the security policy of the local internet service provider, including the rules for using the means of security implemented in order to prevent the illicit use of computer resources [or other denomination used in the company&rsquo;s IT charter], and to refrain from any act that undermines the effectiveness of these means. <br \/>If the customer does not comply with the aforementioned obligations, he could be accused of an offense of counterfeiting (article L.335-3 of the intellectual property code), punishable by a fine of 300,000 euros and three years&rsquo; imprisonment. .<\/p><p class=\"p1\"><b>GUARANTEES<\/b><\/p><p class=\"p1\">La Maison de la Libert\u00e9 is bound by the guarantee of conformity of the services, under the conditions set out in articles L. 212-1 and the Consumer Code. <br \/>The photographs presented on the site are not contractual. Even if all the best efforts are made so that the photographs, graphic representations and the texts reproduced to illustrate the places presented give as accurate an overview as possible of the accommodation services offered, variations may occur, in particular due to the change of furniture. or possible renovations. The customer cannot claim any claim from this fact.<\/p><p class=\"p1\"><b>The House of Liberty<\/b><\/p><p class=\"p1\">12 Liberty Square<\/p><p class=\"p1\">86000 Poitiers<\/p><p class=\"p1\">Siret 520 354 572 00056<\/p><p class=\"p1\">(+33) 06 61 24 20 83<\/p><p class=\"p1\">contact@maisondelaliberte.com<\/p>\t\t\t\t\t\t\t\t<\/div>\n\t\t\t\t<\/div>\n\t\t\t\t\t<\/div>\n\t\t<\/div>\n\t\t\t\t\t<\/div>\n\t\t<\/section>\n\t\t\t\t<\/div>","protected":false},"excerpt":{"rendered":"<p>TERMS OF SALES RESERVATION : The reservation of accommodation at La Maison de la Libert\u00e9 is only valid after acceptance of it and. The confirmation of the customer&rsquo;s reservation remains at the sole discretion of La Maison de la Libert\u00e9 In addition, the reservation must, to be firm, be guaranteed by a credit card accepted [&hellip;]<\/p>","protected":false},"author":1,"featured_media":0,"parent":0,"menu_order":0,"comment_status":"closed","ping_status":"closed","template":"","meta":{"_exactmetrics_skip_tracking":false,"_exactmetrics_sitenote_active":false,"_exactmetrics_sitenote_note":"","_exactmetrics_sitenote_category":0,"footnotes":""},"class_list":["post-4332","page","type-page","status-publish","hentry"],"yoast_head":"<!-- This site is optimized with the Yoast SEO plugin v25.1 - https:\/\/yoast.com\/wordpress\/plugins\/seo\/ -->\n<title>TERMS OF SALES - La Maison de la Libert\u00e9 \u00b7 Meubl\u00e9 de tourisme \u00e0 Poitiers<\/title>\n<meta name=\"robots\" content=\"index, follow, max-snippet:-1, max-image-preview:large, max-video-preview:-1\" \/>\n<link rel=\"canonical\" href=\"https:\/\/www.maisondelaliberte.com\/en\/terms-of-sales\/\" \/>\n<meta property=\"og:locale\" content=\"en_GB\" \/>\n<meta property=\"og:type\" content=\"article\" \/>\n<meta property=\"og:title\" content=\"TERMS OF SALES - La Maison de la Libert\u00e9 \u00b7 Meubl\u00e9 de tourisme \u00e0 Poitiers\" \/>\n<meta property=\"og:description\" content=\"TERMS OF SALES RESERVATION : The reservation of accommodation at La Maison de la Libert\u00e9 is only valid after acceptance of it and. The confirmation of the customer&rsquo;s reservation remains at the sole discretion of La Maison de la Libert\u00e9 In addition, the reservation must, to be firm, be guaranteed by a credit card accepted [&hellip;]\" \/>\n<meta property=\"og:url\" content=\"https:\/\/www.maisondelaliberte.com\/en\/terms-of-sales\/\" \/>\n<meta property=\"og:site_name\" content=\"La Maison de la Libert\u00e9 \u00b7 Meubl\u00e9 de tourisme \u00e0 Poitiers\" \/>\n<meta property=\"article:modified_time\" content=\"2023-01-11T08:21:20+00:00\" \/>\n<meta name=\"twitter:card\" content=\"summary_large_image\" \/>\n<meta name=\"twitter:label1\" content=\"Estimated reading time\" \/>\n\t<meta name=\"twitter:data1\" content=\"12 minutes\" \/>\n<script type=\"application\/ld+json\" class=\"yoast-schema-graph\">{\"@context\":\"https:\/\/schema.org\",\"@graph\":[{\"@type\":\"WebPage\",\"@id\":\"https:\/\/www.maisondelaliberte.com\/en\/terms-of-sales\/\",\"url\":\"https:\/\/www.maisondelaliberte.com\/en\/terms-of-sales\/\",\"name\":\"TERMS OF SALES - La Maison de la Libert\u00e9 \u00b7 Meubl\u00e9 de tourisme \u00e0 Poitiers\",\"isPartOf\":{\"@id\":\"https:\/\/www.maisondelaliberte.com\/en\/#website\"},\"datePublished\":\"2023-01-11T08:20:05+00:00\",\"dateModified\":\"2023-01-11T08:21:20+00:00\",\"breadcrumb\":{\"@id\":\"https:\/\/www.maisondelaliberte.com\/en\/terms-of-sales\/#breadcrumb\"},\"inLanguage\":\"en-GB\",\"potentialAction\":[{\"@type\":\"ReadAction\",\"target\":[\"https:\/\/www.maisondelaliberte.com\/en\/terms-of-sales\/\"]}]},{\"@type\":\"BreadcrumbList\",\"@id\":\"https:\/\/www.maisondelaliberte.com\/en\/terms-of-sales\/#breadcrumb\",\"itemListElement\":[{\"@type\":\"ListItem\",\"position\":1,\"name\":\"Home\",\"item\":\"https:\/\/www.maisondelaliberte.com\/en\/\"},{\"@type\":\"ListItem\",\"position\":2,\"name\":\"TERMS OF SALES\"}]},{\"@type\":\"WebSite\",\"@id\":\"https:\/\/www.maisondelaliberte.com\/en\/#website\",\"url\":\"https:\/\/www.maisondelaliberte.com\/en\/\",\"name\":\"La Maison de la Libert\u00e9 \u00b7 Meubl\u00e9 de tourisme \u00e0 Poitiers\",\"description\":\"Location d&#039;appartement dans le Poitou Charente\",\"potentialAction\":[{\"@type\":\"SearchAction\",\"target\":{\"@type\":\"EntryPoint\",\"urlTemplate\":\"https:\/\/www.maisondelaliberte.com\/en\/?s={search_term_string}\"},\"query-input\":{\"@type\":\"PropertyValueSpecification\",\"valueRequired\":true,\"valueName\":\"search_term_string\"}}],\"inLanguage\":\"en-GB\"}]}<\/script>\n<!-- \/ Yoast SEO plugin. -->","yoast_head_json":{"title":"TERMS OF SALES - La Maison de la Libert\u00e9 \u00b7 Meubl\u00e9 de tourisme \u00e0 Poitiers","robots":{"index":"index","follow":"follow","max-snippet":"max-snippet:-1","max-image-preview":"max-image-preview:large","max-video-preview":"max-video-preview:-1"},"canonical":"https:\/\/www.maisondelaliberte.com\/en\/terms-of-sales\/","og_locale":"en_GB","og_type":"article","og_title":"TERMS OF SALES - La Maison de la Libert\u00e9 \u00b7 Meubl\u00e9 de tourisme \u00e0 Poitiers","og_description":"TERMS OF SALES RESERVATION : The reservation of accommodation at La Maison de la Libert\u00e9 is only valid after acceptance of it and. The confirmation of the customer&rsquo;s reservation remains at the sole discretion of La Maison de la Libert\u00e9 In addition, the reservation must, to be firm, be guaranteed by a credit card accepted [&hellip;]","og_url":"https:\/\/www.maisondelaliberte.com\/en\/terms-of-sales\/","og_site_name":"La Maison de la Libert\u00e9 \u00b7 Meubl\u00e9 de tourisme \u00e0 Poitiers","article_modified_time":"2023-01-11T08:21:20+00:00","twitter_card":"summary_large_image","twitter_misc":{"Estimated reading time":"12 minutes"},"schema":{"@context":"https:\/\/schema.org","@graph":[{"@type":"WebPage","@id":"https:\/\/www.maisondelaliberte.com\/en\/terms-of-sales\/","url":"https:\/\/www.maisondelaliberte.com\/en\/terms-of-sales\/","name":"TERMS OF SALES - La Maison de la Libert\u00e9 \u00b7 Meubl\u00e9 de tourisme \u00e0 Poitiers","isPartOf":{"@id":"https:\/\/www.maisondelaliberte.com\/en\/#website"},"datePublished":"2023-01-11T08:20:05+00:00","dateModified":"2023-01-11T08:21:20+00:00","breadcrumb":{"@id":"https:\/\/www.maisondelaliberte.com\/en\/terms-of-sales\/#breadcrumb"},"inLanguage":"en-GB","potentialAction":[{"@type":"ReadAction","target":["https:\/\/www.maisondelaliberte.com\/en\/terms-of-sales\/"]}]},{"@type":"BreadcrumbList","@id":"https:\/\/www.maisondelaliberte.com\/en\/terms-of-sales\/#breadcrumb","itemListElement":[{"@type":"ListItem","position":1,"name":"Home","item":"https:\/\/www.maisondelaliberte.com\/en\/"},{"@type":"ListItem","position":2,"name":"TERMS OF SALES"}]},{"@type":"WebSite","@id":"https:\/\/www.maisondelaliberte.com\/en\/#website","url":"https:\/\/www.maisondelaliberte.com\/en\/","name":"La Maison de la Libert\u00e9 \u00b7 Meubl\u00e9 de tourisme \u00e0 Poitiers","description":"Location d&#039;appartement dans le Poitou Charente","potentialAction":[{"@type":"SearchAction","target":{"@type":"EntryPoint","urlTemplate":"https:\/\/www.maisondelaliberte.com\/en\/?s={search_term_string}"},"query-input":{"@type":"PropertyValueSpecification","valueRequired":true,"valueName":"search_term_string"}}],"inLanguage":"en-GB"}]}},"_links":{"self":[{"href":"https:\/\/www.maisondelaliberte.com\/en\/wp-json\/wp\/v2\/pages\/4332","targetHints":{"allow":["GET"]}}],"collection":[{"href":"https:\/\/www.maisondelaliberte.com\/en\/wp-json\/wp\/v2\/pages"}],"about":[{"href":"https:\/\/www.maisondelaliberte.com\/en\/wp-json\/wp\/v2\/types\/page"}],"author":[{"embeddable":true,"href":"https:\/\/www.maisondelaliberte.com\/en\/wp-json\/wp\/v2\/users\/1"}],"replies":[{"embeddable":true,"href":"https:\/\/www.maisondelaliberte.com\/en\/wp-json\/wp\/v2\/comments?post=4332"}],"version-history":[{"count":0,"href":"https:\/\/www.maisondelaliberte.com\/en\/wp-json\/wp\/v2\/pages\/4332\/revisions"}],"wp:attachment":[{"href":"https:\/\/www.maisondelaliberte.com\/en\/wp-json\/wp\/v2\/media?parent=4332"}],"curies":[{"name":"wp","href":"https:\/\/api.w.org\/{rel}","templated":true}]}}